{"id":387,"date":"2024-05-13T14:10:35","date_gmt":"2024-05-13T12:10:35","guid":{"rendered":"https:\/\/www.avpee.ch\/crues-subites\/"},"modified":"2024-07-29T13:34:23","modified_gmt":"2024-07-29T11:34:23","slug":"sturzflut","status":"publish","type":"page","link":"https:\/\/www.avpee.ch\/de\/sturzflut\/","title":{"rendered":"Sturzflut"},"content":{"rendered":"<div class=\"wpb-content-wrapper\"><p>[vc_row css=&#8220;.vc_custom_1715761378013{background-image: url(https:\/\/www.avpee.ch\/wp-content\/uploads\/2024\/05\/avpee-vwsp-producteurs-energie-electrique-crues-subites-02.webp?id=250) !important;background-position: center !important;background-repeat: no-repeat !important;background-size: cover !important;}&#8220; el_class=&#8220;inner-s inner-banner&#8220;][vc_column][vc_row_inner el_class=&#8220;inner-s-r inner-banner-r container&#8220;][vc_column_inner el_class=&#8220;inner-s-col inner-banner-col&#8220;][vc_custom_heading text=&#8220;Sturzflut&#8220; font_container=&#8220;tag:h1|text_align:left|color:%23ffffff&#8220; use_theme_fonts=&#8220;yes&#8220; css=&#8220;&#8220; el_class=&#8220;banenr-heading my-0&#8243;][\/vc_column_inner][\/vc_row_inner][\/vc_column][\/vc_row][vc_row el_class=&#8220;inner-s2 inner-s&#8220;][vc_column][vc_row_inner el_class=&#8220;inner-s-r inner-s2-r container&#8220;][vc_column_inner][vc_custom_heading text=&#8220;Trauen Sie dem Wasser nicht&#8220; use_theme_fonts=&#8220;yes&#8220; css=&#8220;.vc_custom_1722252845158{margin-bottom: 60px !important;}&#8220; el_class=&#8220;s-heading s3-heading my-0&#8243;][vc_column_text css=&#8220;.vc_custom_1718617856731{margin-bottom: 0px !important;}&#8220; el_class=&#8220;s-content s2-content content color-2&#8243;]<img loading=\"lazy\" decoding=\"async\" class=\"alignnone size-full wp-image-302\" src=\"https:\/\/www.avpee.ch\/wp-content\/uploads\/2024\/05\/avpee-vwsp-crues-subites-emosson.webp\" alt=\"Crues subites - Emosson\" width=\"1000\" height=\"665\" srcset=\"https:\/\/www.avpee.ch\/wp-content\/uploads\/2024\/05\/avpee-vwsp-crues-subites-emosson.webp 1000w, https:\/\/www.avpee.ch\/wp-content\/uploads\/2024\/05\/avpee-vwsp-crues-subites-emosson-500x333.webp 500w, https:\/\/www.avpee.ch\/wp-content\/uploads\/2024\/05\/avpee-vwsp-crues-subites-emosson-768x511.webp 768w\" sizes=\"auto, (max-width: 1000px) 100vw, 1000px\" \/>Ein Sturzflutereignis ist ein massiver und pl\u00f6tzlicher (von einigen Sekunden bis zu mehreren Minuten) Wassereinbruch, der jeden Teil eines Wassereinzugsgebiets betrifft. Sie wird durch starke und schnelle Wasserstr\u00f6me definiert und f\u00fchrt zu \u00dcberschwemmungen in einem Bereich des Flussbetts, der normalerweise verschont bleibt.<\/p>\n<p>Wasserkraftanlagen mit Staumauern, Wasserfassungen oder Sandf\u00e4ngen, die sich oberhalb der Fl\u00fcsse befinden, sind manchmal die Ursache f\u00fcr diese pl\u00f6tzlichen \u00dcberschwemmungen. Sie k\u00f6nnen pl\u00f6tzlich grosse Wassermassen freisetzen, die mit dem Betrieb der Anlagen oder mit Gewitter zusammenh\u00e4ngen. Diese Wasserfreisetzungen k\u00f6nnen zu jeder Zeit, bei Tag und Nacht und bei jedem Wetter erfolgen. Sie werden nicht immer von Menschen kontrolliert, sondern durch eingebaute automatische Systeme gesteuert. Deshalb kann das Wasser an vielen Orten sehr stark ansteigen.<\/p>\n<p>Das Sturzflutereignis breitet sich dann flussabw\u00e4rts aus, wobei es &#8211; vor allem bei starken und anhaltenden Niederschl\u00e4gen &#8211; an Gr\u00f6sse gewinnt und eine grosse Energie entwickelt. Um ein Beispiel zu nennen: 55 Millimeter Wasser auf einem Quadratkilometer, das 300 Meter H\u00f6henunterschied hinabst\u00fcrzt, besitzen eine potenzielle Energie, die der einer Atombombe entspricht. Diese unvorhergesehenen Ph\u00e4nomene k\u00f6nnen schwerwiegende Folgen haben: Alle Personen, die sich im Flussbett oder in der N\u00e4he des Flusses befinden, k\u00f6nnen potenziell von der Str\u00f6mung mitgerissen werden.<\/p>\n<p>.[\/vc_column_text][\/vc_column_inner][\/vc_row_inner][\/vc_column][\/vc_row][vc_row el_class=&#8220;inner-s3 inner-s&#8220; css=&#8220;.vc_custom_1715221805318{background-color: #eff1f5 !important;}&#8220;][vc_column][vc_row_inner el_class=&#8220;inner-s-r inner-s3-r container&#8220;][vc_column_inner][vc_custom_heading text=&#8220;Pl\u00f6tzliches Hochwasser \u2013 Dauergefahr&#8220; use_theme_fonts=&#8220;yes&#8220; css=&#8220;.vc_custom_1722252859351{margin-bottom: 0px !important;}&#8220; el_class=&#8220;s-heading s3-heading my-0&#8243;][\/vc_column_inner][\/vc_row_inner][vc_row_inner equal_height=&#8220;yes&#8220; el_class=&#8220;inner-s-r inner-s3-r4 container&#8220;][vc_column_inner el_class=&#8220;s3-r3-col-image my-0&#8243; width=&#8220;1\/3&#8243;][vc_images_carousel images=&#8220;312,310&#8243; img_size=&#8220;full&#8220; autoplay=&#8220;yes&#8220; hide_pagination_control=&#8220;yes&#8220; wrap=&#8220;yes&#8220; css=&#8220;&#8220; el_class=&#8220;s3-image my-0 small-slider&#8220;][\/vc_column_inner][vc_column_inner el_class=&#8220;s3-r3-col-content my-0&#8243; width=&#8220;2\/3&#8243;][vc_custom_heading text=&#8220;Bei sch\u00f6nem Wetter&#8220; font_container=&#8220;tag:p|text_align:left&#8220; use_theme_fonts=&#8220;yes&#8220; css=&#8220;&#8220; el_class=&#8220;fz-36 color-2&#8243;][vc_column_text css=&#8220;&#8220; el_class=&#8220;s-content content my-0 color-2&#8243;]Nach der Schliessung einer Wasserfassung (Verstopfung, technische St\u00f6rung, S\u00e4ttigung aufgrund hoher Wasserzufl\u00fcsse) wird das vorher in einen Stollen abgeleitete Wasser wieder ins nat\u00fcrliche Flussbett \u00fcberlaufen.<\/p>\n<p>Ein fast volles Staubecken kann auch \u00fcberlaufen, wenn eine Gletschertasche bricht oder wenn das Kraftwerk ausserplanm\u00e4ssig abgeschaltet wird.[\/vc_column_text][\/vc_column_inner][\/vc_row_inner][vc_row_inner equal_height=&#8220;yes&#8220; el_class=&#8220;inner-s-r inner-s3-r4 container image-right&#8220;][vc_column_inner el_class=&#8220;s3-r3-col-content my-0&#8243; width=&#8220;2\/3&#8243;][vc_custom_heading text=&#8220;Bei Niederschl\u00e4gen&#8220; font_container=&#8220;tag:p|text_align:left&#8220; use_theme_fonts=&#8220;yes&#8220; css=&#8220;&#8220; el_class=&#8220;fz-36 color-2&#8243;][vc_column_text css=&#8220;&#8220; el_class=&#8220;s-content content my-0 color-2&#8243;]Die Sp\u00fclung einer Wasserfassung kann sich ausl\u00f6sen und die schon von den Niederschl\u00e4gen angeschwellten Wassermassen brutal vergr\u00f6ssern.<\/p>\n<p>Ausserdem kann Material nach Trockenperioden den Wasserfluss behindern und nat\u00fcrliche D\u00e4mme bilden, die bei einem Bruch pl\u00f6tzlich grosse Wassermassen in den Fluss entlassen.[\/vc_column_text][\/vc_column_inner][vc_column_inner el_class=&#8220;s3-r3-col-image my-0&#8243; width=&#8220;1\/3&#8243;][vc_images_carousel images=&#8220;315,317&#8243; img_size=&#8220;full&#8220; autoplay=&#8220;yes&#8220; hide_pagination_control=&#8220;yes&#8220; wrap=&#8220;yes&#8220; css=&#8220;&#8220; el_class=&#8220;s3-image my-0 small-slider&#8220;][\/vc_column_inner][\/vc_row_inner][vc_row_inner equal_height=&#8220;yes&#8220; el_class=&#8220;inner-s-r inner-s3-r4 container&#8220;][vc_column_inner el_class=&#8220;s3-r3-col-image my-0&#8243; width=&#8220;1\/3&#8243;][vc_images_carousel images=&#8220;321,319&#8243; img_size=&#8220;full&#8220; autoplay=&#8220;yes&#8220; hide_pagination_control=&#8220;yes&#8220; wrap=&#8220;yes&#8220; css=&#8220;&#8220; el_class=&#8220;s3-image my-0 small-slider&#8220;][\/vc_column_inner][vc_column_inner el_class=&#8220;s3-r3-col-content my-0&#8243; width=&#8220;2\/3&#8243;][vc_custom_heading text=&#8220;Nach den Niederschl\u00e4gen&#8220; font_container=&#8220;tag:p|text_align:left&#8220; use_theme_fonts=&#8220;yes&#8220; css=&#8220;&#8220; el_class=&#8220;fz-36 color-2&#8243;][vc_column_text css=&#8220;&#8220; el_class=&#8220;s-content content my-0 color-2&#8243;]Die Becken und Wasserfassungen sind oft mit Sand, Holz, usw. verstopft: so kann eine automatische Sp\u00fclung erfolgen und eine pl\u00f6tzliche Flutwelle provozieren.[\/vc_column_text][\/vc_column_inner][\/vc_row_inner][\/vc_column][\/vc_row]<\/p>\n<\/div>","protected":false},"excerpt":{"rendered":"<p>[vc_row css=&#8220;.vc_custom_1715761378013{background-image: url(https:\/\/www.avpee.ch\/wp-content\/uploads\/2024\/05\/avpee-vwsp-producteurs-energie-electrique-crues-subites-02.webp?id=250) !important;background-position: center !important;background-repeat: no-repeat !important;background-size: cover !important;}&#8220; el_class=&#8220;inner-s inner-banner&#8220;][vc_column][vc_row_inner el_class=&#8220;inner-s-r inner-banner-r container&#8220;][vc_column_inner el_class=&#8220;inner-s-col inner-banner-col&#8220;][vc_custom_heading text=&#8220;Sturzflut&#8220; font_container=&#8220;tag:h1|text_align:left|color:%23ffffff&#8220; use_theme_fonts=&#8220;yes&#8220; css=&#8220;&#8220; el_class=&#8220;banenr-heading my-0&#8243;][\/vc_column_inner][\/vc_row_inner][\/vc_column][\/vc_row][vc_row el_class=&#8220;inner-s2 inner-s&#8220;][vc_column][vc_row_inner el_class=&#8220;inner-s-r inner-s2-r container&#8220;][vc_column_inner][vc_custom_heading text=&#8220;Trauen Sie dem Wasser nicht&#8220; use_theme_fonts=&#8220;yes&#8220; css=&#8220;.vc_custom_1722252845158{margin-bottom: 60px !important;}&#8220; el_class=&#8220;s-heading s3-heading my-0&#8243;][vc_column_text css=&#8220;.vc_custom_1718617856731{margin-bottom: 0px !important;}&#8220; el_class=&#8220;s-content s2-content content color-2&#8243;]Ein Sturzflutereignis ist ein massiver und pl\u00f6tzlicher (von einigen [&hellip;]<\/p>\n","protected":false},"author":1,"featured_media":0,"parent":0,"menu_order":0,"comment_status":"closed","ping_status":"closed","template":"","meta":{"_acf_changed":false,"footnotes":""},"class_list":["post-387","page","type-page","status-publish","hentry"],"acf":[],"yoast_head":"<!-- This site is optimized with the Yoast SEO plugin v27.5 - https:\/\/yoast.com\/product\/yoast-seo-wordpress\/ -->\n<title>Sturzflut - AVPEE | VWSP - Association valaisanne des producteurs d&#039;\u00e9nergie \u00e9lectrique<\/title>\n<meta name=\"robots\" content=\"index, follow, max-snippet:-1, max-image-preview:large, max-video-preview:-1\" \/>\n<link rel=\"canonical\" href=\"https:\/\/www.avpee.ch\/de\/sturzflut\/\" \/>\n<meta property=\"og:locale\" content=\"de_DE\" \/>\n<meta property=\"og:type\" content=\"article\" \/>\n<meta property=\"og:title\" content=\"Sturzflut - AVPEE | VWSP - Association valaisanne des producteurs d&#039;\u00e9nergie \u00e9lectrique\" \/>\n<meta property=\"og:description\" content=\"[vc_row css=&#8220;.vc_custom_1715761378013{background-image: url(https:\/\/www.avpee.ch\/wp-content\/uploads\/2024\/05\/avpee-vwsp-producteurs-energie-electrique-crues-subites-02.webp?id=250) !important;background-position: center !important;background-repeat: no-repeat !important;background-size: cover !important;}&#8220; el_class=&#8220;inner-s inner-banner&#8220;][vc_column][vc_row_inner el_class=&#8220;inner-s-r inner-banner-r container&#8220;][vc_column_inner el_class=&#8220;inner-s-col inner-banner-col&#8220;][vc_custom_heading text=&#8220;Sturzflut&#8220; font_container=&#8220;tag:h1|text_align:left|color:%23ffffff&#8220; use_theme_fonts=&#8220;yes&#8220; css=&#8220;&#8220; el_class=&#8220;banenr-heading my-0&#8243;][\/vc_column_inner][\/vc_row_inner][\/vc_column][\/vc_row][vc_row el_class=&#8220;inner-s2 inner-s&#8220;][vc_column][vc_row_inner el_class=&#8220;inner-s-r inner-s2-r container&#8220;][vc_column_inner][vc_custom_heading text=&#8220;Trauen Sie dem Wasser nicht&#8220; use_theme_fonts=&#8220;yes&#8220; css=&#8220;.vc_custom_1722252845158{margin-bottom: 60px !important;}&#8220; el_class=&#8220;s-heading s3-heading my-0&#8243;][vc_column_text css=&#8220;.vc_custom_1718617856731{margin-bottom: 0px !important;}&#8220; el_class=&#8220;s-content s2-content content color-2&#8243;]Ein Sturzflutereignis ist ein massiver und pl\u00f6tzlicher (von einigen [&hellip;]\" \/>\n<meta property=\"og:url\" content=\"https:\/\/www.avpee.ch\/de\/sturzflut\/\" \/>\n<meta property=\"og:site_name\" content=\"AVPEE | VWSP - Association valaisanne des producteurs d&#039;\u00e9nergie \u00e9lectrique\" \/>\n<meta property=\"article:publisher\" content=\"https:\/\/www.facebook.com\/avpee\/\" \/>\n<meta property=\"article:modified_time\" content=\"2024-07-29T11:34:23+00:00\" \/>\n<meta property=\"og:image\" content=\"https:\/\/www.avpee.ch\/wp-content\/uploads\/2024\/05\/avpee-vwsp-crues-subites-emosson.webp\" \/>\n<meta name=\"twitter:card\" content=\"summary_large_image\" \/>\n<meta name=\"twitter:label1\" content=\"Gesch\u00e4tzte Lesezeit\" \/>\n\t<meta name=\"twitter:data1\" content=\"4\u00a0Minuten\" \/>\n<script type=\"application\/ld+json\" class=\"yoast-schema-graph\">{\"@context\":\"https:\\\/\\\/schema.org\",\"@graph\":[{\"@type\":\"WebPage\",\"@id\":\"https:\\\/\\\/www.avpee.ch\\\/de\\\/sturzflut\\\/\",\"url\":\"https:\\\/\\\/www.avpee.ch\\\/de\\\/sturzflut\\\/\",\"name\":\"Sturzflut - AVPEE | VWSP - Association valaisanne des producteurs d&#039;\u00e9nergie \u00e9lectrique\",\"isPartOf\":{\"@id\":\"https:\\\/\\\/www.avpee.ch\\\/#website\"},\"primaryImageOfPage\":{\"@id\":\"https:\\\/\\\/www.avpee.ch\\\/de\\\/sturzflut\\\/#primaryimage\"},\"image\":{\"@id\":\"https:\\\/\\\/www.avpee.ch\\\/de\\\/sturzflut\\\/#primaryimage\"},\"thumbnailUrl\":\"https:\\\/\\\/www.avpee.ch\\\/wp-content\\\/uploads\\\/2024\\\/05\\\/avpee-vwsp-crues-subites-emosson.webp\",\"datePublished\":\"2024-05-13T12:10:35+00:00\",\"dateModified\":\"2024-07-29T11:34:23+00:00\",\"breadcrumb\":{\"@id\":\"https:\\\/\\\/www.avpee.ch\\\/de\\\/sturzflut\\\/#breadcrumb\"},\"inLanguage\":\"de\",\"potentialAction\":[{\"@type\":\"ReadAction\",\"target\":[\"https:\\\/\\\/www.avpee.ch\\\/de\\\/sturzflut\\\/\"]}]},{\"@type\":\"ImageObject\",\"inLanguage\":\"de\",\"@id\":\"https:\\\/\\\/www.avpee.ch\\\/de\\\/sturzflut\\\/#primaryimage\",\"url\":\"https:\\\/\\\/www.avpee.ch\\\/wp-content\\\/uploads\\\/2024\\\/05\\\/avpee-vwsp-crues-subites-emosson.webp\",\"contentUrl\":\"https:\\\/\\\/www.avpee.ch\\\/wp-content\\\/uploads\\\/2024\\\/05\\\/avpee-vwsp-crues-subites-emosson.webp\"},{\"@type\":\"BreadcrumbList\",\"@id\":\"https:\\\/\\\/www.avpee.ch\\\/de\\\/sturzflut\\\/#breadcrumb\",\"itemListElement\":[{\"@type\":\"ListItem\",\"position\":1,\"name\":\"Accueil\",\"item\":\"https:\\\/\\\/www.avpee.ch\\\/de\\\/\"},{\"@type\":\"ListItem\",\"position\":2,\"name\":\"Sturzflut\"}]},{\"@type\":\"WebSite\",\"@id\":\"https:\\\/\\\/www.avpee.ch\\\/#website\",\"url\":\"https:\\\/\\\/www.avpee.ch\\\/\",\"name\":\"AVPEE | VWSP - Association valaisanne des producteurs d'\u00e9nergie \u00e9lectrique\",\"description\":\"\",\"publisher\":{\"@id\":\"https:\\\/\\\/www.avpee.ch\\\/#organization\"},\"potentialAction\":[{\"@type\":\"SearchAction\",\"target\":{\"@type\":\"EntryPoint\",\"urlTemplate\":\"https:\\\/\\\/www.avpee.ch\\\/?s={search_term_string}\"},\"query-input\":{\"@type\":\"PropertyValueSpecification\",\"valueRequired\":true,\"valueName\":\"search_term_string\"}}],\"inLanguage\":\"de\"},{\"@type\":\"Organization\",\"@id\":\"https:\\\/\\\/www.avpee.ch\\\/#organization\",\"name\":\"AVPEE | VWSP - Association valaisanne des producteurs d'\u00e9nergie \u00e9lectrique\",\"url\":\"https:\\\/\\\/www.avpee.ch\\\/\",\"logo\":{\"@type\":\"ImageObject\",\"inLanguage\":\"de\",\"@id\":\"https:\\\/\\\/www.avpee.ch\\\/#\\\/schema\\\/logo\\\/image\\\/\",\"url\":\"https:\\\/\\\/www.avpee.ch\\\/wp-content\\\/uploads\\\/2024\\\/07\\\/favicon-avpee-vwsp.svg\",\"contentUrl\":\"https:\\\/\\\/www.avpee.ch\\\/wp-content\\\/uploads\\\/2024\\\/07\\\/favicon-avpee-vwsp.svg\",\"width\":1,\"height\":1,\"caption\":\"AVPEE | VWSP - Association valaisanne des producteurs d'\u00e9nergie \u00e9lectrique\"},\"image\":{\"@id\":\"https:\\\/\\\/www.avpee.ch\\\/#\\\/schema\\\/logo\\\/image\\\/\"},\"sameAs\":[\"https:\\\/\\\/www.facebook.com\\\/avpee\\\/\",\"https:\\\/\\\/www.instagram.com\\\/avpee.ch\\\/\",\"https:\\\/\\\/www.linkedin.com\\\/company\\\/avpee-vwsp\\\/about\\\/\"]}]}<\/script>\n<!-- \/ Yoast SEO plugin. -->","yoast_head_json":{"title":"Sturzflut - AVPEE | VWSP - Association valaisanne des producteurs d&#039;\u00e9nergie \u00e9lectrique","robots":{"index":"index","follow":"follow","max-snippet":"max-snippet:-1","max-image-preview":"max-image-preview:large","max-video-preview":"max-video-preview:-1"},"canonical":"https:\/\/www.avpee.ch\/de\/sturzflut\/","og_locale":"de_DE","og_type":"article","og_title":"Sturzflut - AVPEE | VWSP - Association valaisanne des producteurs d&#039;\u00e9nergie \u00e9lectrique","og_description":"[vc_row css=&#8220;.vc_custom_1715761378013{background-image: url(https:\/\/www.avpee.ch\/wp-content\/uploads\/2024\/05\/avpee-vwsp-producteurs-energie-electrique-crues-subites-02.webp?id=250) !important;background-position: center !important;background-repeat: no-repeat !important;background-size: cover !important;}&#8220; el_class=&#8220;inner-s inner-banner&#8220;][vc_column][vc_row_inner el_class=&#8220;inner-s-r inner-banner-r container&#8220;][vc_column_inner el_class=&#8220;inner-s-col inner-banner-col&#8220;][vc_custom_heading text=&#8220;Sturzflut&#8220; font_container=&#8220;tag:h1|text_align:left|color:%23ffffff&#8220; use_theme_fonts=&#8220;yes&#8220; css=&#8220;&#8220; el_class=&#8220;banenr-heading my-0&#8243;][\/vc_column_inner][\/vc_row_inner][\/vc_column][\/vc_row][vc_row el_class=&#8220;inner-s2 inner-s&#8220;][vc_column][vc_row_inner el_class=&#8220;inner-s-r inner-s2-r container&#8220;][vc_column_inner][vc_custom_heading text=&#8220;Trauen Sie dem Wasser nicht&#8220; use_theme_fonts=&#8220;yes&#8220; css=&#8220;.vc_custom_1722252845158{margin-bottom: 60px !important;}&#8220; el_class=&#8220;s-heading s3-heading my-0&#8243;][vc_column_text css=&#8220;.vc_custom_1718617856731{margin-bottom: 0px !important;}&#8220; el_class=&#8220;s-content s2-content content color-2&#8243;]Ein Sturzflutereignis ist ein massiver und pl\u00f6tzlicher (von einigen [&hellip;]","og_url":"https:\/\/www.avpee.ch\/de\/sturzflut\/","og_site_name":"AVPEE | VWSP - Association valaisanne des producteurs d&#039;\u00e9nergie \u00e9lectrique","article_publisher":"https:\/\/www.facebook.com\/avpee\/","article_modified_time":"2024-07-29T11:34:23+00:00","og_image":[{"url":"https:\/\/www.avpee.ch\/wp-content\/uploads\/2024\/05\/avpee-vwsp-crues-subites-emosson.webp","type":"","width":"","height":""}],"twitter_card":"summary_large_image","twitter_misc":{"Gesch\u00e4tzte Lesezeit":"4\u00a0Minuten"},"schema":{"@context":"https:\/\/schema.org","@graph":[{"@type":"WebPage","@id":"https:\/\/www.avpee.ch\/de\/sturzflut\/","url":"https:\/\/www.avpee.ch\/de\/sturzflut\/","name":"Sturzflut - AVPEE | VWSP - Association valaisanne des producteurs d&#039;\u00e9nergie \u00e9lectrique","isPartOf":{"@id":"https:\/\/www.avpee.ch\/#website"},"primaryImageOfPage":{"@id":"https:\/\/www.avpee.ch\/de\/sturzflut\/#primaryimage"},"image":{"@id":"https:\/\/www.avpee.ch\/de\/sturzflut\/#primaryimage"},"thumbnailUrl":"https:\/\/www.avpee.ch\/wp-content\/uploads\/2024\/05\/avpee-vwsp-crues-subites-emosson.webp","datePublished":"2024-05-13T12:10:35+00:00","dateModified":"2024-07-29T11:34:23+00:00","breadcrumb":{"@id":"https:\/\/www.avpee.ch\/de\/sturzflut\/#breadcrumb"},"inLanguage":"de","potentialAction":[{"@type":"ReadAction","target":["https:\/\/www.avpee.ch\/de\/sturzflut\/"]}]},{"@type":"ImageObject","inLanguage":"de","@id":"https:\/\/www.avpee.ch\/de\/sturzflut\/#primaryimage","url":"https:\/\/www.avpee.ch\/wp-content\/uploads\/2024\/05\/avpee-vwsp-crues-subites-emosson.webp","contentUrl":"https:\/\/www.avpee.ch\/wp-content\/uploads\/2024\/05\/avpee-vwsp-crues-subites-emosson.webp"},{"@type":"BreadcrumbList","@id":"https:\/\/www.avpee.ch\/de\/sturzflut\/#breadcrumb","itemListElement":[{"@type":"ListItem","position":1,"name":"Accueil","item":"https:\/\/www.avpee.ch\/de\/"},{"@type":"ListItem","position":2,"name":"Sturzflut"}]},{"@type":"WebSite","@id":"https:\/\/www.avpee.ch\/#website","url":"https:\/\/www.avpee.ch\/","name":"AVPEE | VWSP - Association valaisanne des producteurs d'\u00e9nergie \u00e9lectrique","description":"","publisher":{"@id":"https:\/\/www.avpee.ch\/#organization"},"potentialAction":[{"@type":"SearchAction","target":{"@type":"EntryPoint","urlTemplate":"https:\/\/www.avpee.ch\/?s={search_term_string}"},"query-input":{"@type":"PropertyValueSpecification","valueRequired":true,"valueName":"search_term_string"}}],"inLanguage":"de"},{"@type":"Organization","@id":"https:\/\/www.avpee.ch\/#organization","name":"AVPEE | VWSP - Association valaisanne des producteurs d'\u00e9nergie \u00e9lectrique","url":"https:\/\/www.avpee.ch\/","logo":{"@type":"ImageObject","inLanguage":"de","@id":"https:\/\/www.avpee.ch\/#\/schema\/logo\/image\/","url":"https:\/\/www.avpee.ch\/wp-content\/uploads\/2024\/07\/favicon-avpee-vwsp.svg","contentUrl":"https:\/\/www.avpee.ch\/wp-content\/uploads\/2024\/07\/favicon-avpee-vwsp.svg","width":1,"height":1,"caption":"AVPEE | VWSP - Association valaisanne des producteurs d'\u00e9nergie \u00e9lectrique"},"image":{"@id":"https:\/\/www.avpee.ch\/#\/schema\/logo\/image\/"},"sameAs":["https:\/\/www.facebook.com\/avpee\/","https:\/\/www.instagram.com\/avpee.ch\/","https:\/\/www.linkedin.com\/company\/avpee-vwsp\/about\/"]}]}},"_links":{"self":[{"href":"https:\/\/www.avpee.ch\/de\/wp-json\/wp\/v2\/pages\/387","targetHints":{"allow":["GET"]}}],"collection":[{"href":"https:\/\/www.avpee.ch\/de\/wp-json\/wp\/v2\/pages"}],"about":[{"href":"https:\/\/www.avpee.ch\/de\/wp-json\/wp\/v2\/types\/page"}],"author":[{"embeddable":true,"href":"https:\/\/www.avpee.ch\/de\/wp-json\/wp\/v2\/users\/1"}],"replies":[{"embeddable":true,"href":"https:\/\/www.avpee.ch\/de\/wp-json\/wp\/v2\/comments?post=387"}],"version-history":[{"count":6,"href":"https:\/\/www.avpee.ch\/de\/wp-json\/wp\/v2\/pages\/387\/revisions"}],"predecessor-version":[{"id":548,"href":"https:\/\/www.avpee.ch\/de\/wp-json\/wp\/v2\/pages\/387\/revisions\/548"}],"wp:attachment":[{"href":"https:\/\/www.avpee.ch\/de\/wp-json\/wp\/v2\/media?parent=387"}],"curies":[{"name":"wp","href":"https:\/\/api.w.org\/{rel}","templated":true}]}}