{"id":379,"date":"2024-04-08T15:53:04","date_gmt":"2024-04-08T13:53:04","guid":{"rendered":"https:\/\/www.avpee.ch\/page-d-exemple\/"},"modified":"2026-04-27T12:44:17","modified_gmt":"2026-04-27T10:44:17","slug":"accueil","status":"publish","type":"page","link":"https:\/\/www.avpee.ch\/de\/","title":{"rendered":"Startseite"},"content":{"rendered":"<div class=\"wpb-content-wrapper\"><p>[vc_row el_class=&#8220;home-banner&#8220; css=&#8220;.vc_custom_1715078769464{padding-top: 305px !important;padding-bottom: 326px !important;}&#8220;][vc_column]    <div class=\"pb-video video-desktop\">\n        <video playsinline loop muted autoplay>\n            <source src=\"https:\/\/www.avpee.ch\/wp-content\/uploads\/2024\/05\/avpee-video-desktop.mp4\" type=\"video\/mp4\">\n        <\/video>\n    <\/div>\n    <div class=\"pb-video video-smartphone\">\n        <video playsinline loop muted autoplay>\n            <source src=\"https:\/\/www.avpee.ch\/wp-content\/uploads\/2024\/05\/avpee-video-smartphone.mp4\" type=\"video\/mp4\">\n        <\/video>\n    <\/div>\n[vc_row_inner el_class=&#8220;max-w1248&#8243;][vc_column_inner][vc_column_text css=&#8220;.vc_custom_1718691320532{margin-bottom: 6px !important;}&#8220; el_class=&#8220;trans white-color home-banner-text&#8220;]VWSP[\/vc_column_text][vc_custom_heading text=&#8220;Vereinigung<br \/>\nder Walliser<br \/>\nStromproduzenten&#8220; font_container=&#8220;tag:h1|text_align:left|color:%23ffffff&#8220; use_theme_fonts=&#8220;yes&#8220; css=&#8220;&#8220; el_class=&#8220;home-heading&#8220;][\/vc_column_inner][\/vc_row_inner][\/vc_column][\/vc_row][vc_row css=&#8220;.vc_custom_1715137088273{padding-top: 114px !important;padding-bottom: 130px !important;}&#8220; el_class=&#8220;home-s2&#8243;][vc_column][vc_custom_heading text=&#8220;Zusammenf\u00fchren &amp; vorbeugen&#8220; font_container=&#8220;tag:h2|text_align:left|color:%230269a3&#8243; use_theme_fonts=&#8220;yes&#8220; css=&#8220;.vc_custom_1718616733356{margin-bottom: 45px !important;}&#8220; el_class=&#8220;s-heading color-1&#8243;][vc_column_text css=&#8220;.vc_custom_1722252791823{margin-bottom: 0px !important;}&#8220; el_class=&#8220;home-s2-content content&#8220;]Die Vereinigung der Walliser Stromproduzenten (VWSP) ist eine 1960 gegr\u00fcndete gemeinn\u00fctzige Vereinigung. Sie vereint alle nat\u00fcrlichen Personen, Gesellschaften und K\u00f6rperschaften des \u00f6ffentlichen Rechts, die ein oder mehrere Wasserkraftwerke im Wallis besitzen oder direkt f\u00fcr Produzenten betreiben. Ihre T\u00fcren stehen auch den Produzenten von Solar- und Windenergie offen.<\/p>\n<p>Die Aufgabe der Vereinigung besteht darin, den Kontakt zwischen ihren Mitgliedern zu st\u00e4rken und ihre gemeinsamen Interessen zu vertreten.<\/p>\n<p>Die VWSP ist sich ihrer Verantwortung insbesondere in Sachen Sicherheit bewusst. Deshalb organisiert sie jeden Sommer eine breite Sensibilisierungskampagne zu den Risiken pl\u00f6tzlicher \u00dcberschwemmungen in Fl\u00fcssen durch.[\/vc_column_text][vc_single_image image=&#8220;281&#8243; img_size=&#8220;full&#8220; css=&#8220;&#8220; el_class=&#8220;home-s2-image&#8220;][\/vc_column][\/vc_row][vc_row el_class=&#8220;home-s4 home-s&#8220;][vc_column][vc_custom_heading text=&#8220;Ein Label f\u00fcr Strom aus erneuerbaren Energien aus dem Wallis&#8220; font_container=&#8220;tag:h2|text_align:left|color:%230269a3&#8243; use_theme_fonts=&#8220;yes&#8220; css=&#8220;.vc_custom_1777286462588{margin-bottom: 45px !important;}&#8220; el_class=&#8220;home-s4-hd s-heading&#8220;][vc_column_text css=&#8220;&#8220; el_class=&#8220;home-s4-content s-content content&#8220;]<\/p>\n<p data-start=\"207\" data-end=\"434\">27.04.2026 \u2013 Ein neues Zerti\ufb01zierungssystem erm\u00f6glicht die Kennzeichnung von hochwertigem Strom aus dem Wallis nach einem P\ufb02ichtenheft, das sich an den bereits f\u00fcr Produkte mit dem Label \u00abMarke Wallis\u00bb geltenden Kriterien orientiert. Energieversorger wie Sinergy in Martigny oder EnBAG in Brig haben ihr Interesse an der Anerkennung dieses Herkunftslabels bekundet.<\/p>\n<p>[\/vc_column_text][vc_btn title=&#8220;PRESSEMITTEILUNG&#8220; color=&#8220;primary&#8220; css=&#8220;.vc_custom_1777286549471{margin-bottom: 0px !important;}&#8220; link=&#8220;url:https%3A%2F%2Fwww.avpee.ch%2Fwp-content%2Fuploads%2F2026%2F04%2FWallis-zertifizierte-Energie_20260427_MM.pdf&#8220; el_class=&#8220;bouton-bleu&#8220;][\/vc_column][\/vc_row][vc_row el_class=&#8220;home-s home-s6&#8243; css=&#8220;.vc_custom_1720533574135{background-image: url(https:\/\/www.avpee.ch\/wp-content\/uploads\/2024\/05\/hom-s6.png?id=131) !important;background-position: center !important;background-repeat: no-repeat !important;background-size: cover !important;}&#8220;][vc_column][vc_row_inner el_class=&#8220;home-s-row home-s6-row&#8220;][vc_column_inner el_class=&#8220;home-s6-left&#8220; width=&#8220;1\/2&#8243;][vc_custom_heading text=&#8220;Technische Tagung 2025&#8243; font_container=&#8220;tag:h2|text_align:left|color:%230269a3&#8243; use_theme_fonts=&#8220;yes&#8220; css=&#8220;.vc_custom_1742480151149{margin-bottom: 72px !important;}&#8220; el_class=&#8220;home-s6-hd s-heading&#8220;][vc_column_text css=&#8220;&#8220; el_class=&#8220;home-s6-content s-content content&#8220;][\/vc_column_text][vc_btn title=&#8220;PROGRAMM&#8220; color=&#8220;primary&#8220; css=&#8220;.vc_custom_1762425584980{margin-bottom: 0px !important;}&#8220; link=&#8220;url:https%3A%2F%2Fwww.avpee.ch%2Fwp-content%2Fuploads%2F2025%2F11%2FProgramm-Technische-Tagung-der-VWSP-28.11.2025.pdf|title:Startseite|target:_blank&#8220; el_class=&#8220;bouton-bleu&#8220;][vc_empty_space][vc_btn title=&#8220;PR\u00c4SENTATIONEN&#8220; color=&#8220;primary&#8220; css=&#8220;.vc_custom_1764242644315{margin-bottom: 0px !important;}&#8220; link=&#8220;url:http%3A%2F%2Favpee.ch%2Fde%2Ftechnische-tagung%2F&#8220; el_class=&#8220;bouton-bleu&#8220;][\/vc_column_inner][vc_column_inner el_class=&#8220;home-s6-right&#8220; width=&#8220;1\/2&#8243;][vc_single_image image=&#8220;921&#8243; img_size=&#8220;full&#8220; alignment=&#8220;right&#8220; css=&#8220;&#8220; el_class=&#8220;home-s-image home-s6-image&#8220;][\/vc_column_inner][\/vc_row_inner][\/vc_column][\/vc_row][vc_row][vc_column][vc_images_carousel images=&#8220;803,805,807&#8243; img_size=&#8220;full&#8220; onclick=&#8220;link_no&#8220; autoplay=&#8220;yes&#8220; hide_pagination_control=&#8220;yes&#8220; wrap=&#8220;yes&#8220; css=&#8220;.vc_custom_1750154174386{margin-bottom: 0px !important;}&#8220;][\/vc_column][\/vc_row][vc_row el_class=&#8220;home-s4 home-s&#8220;][vc_column][vc_custom_heading text=&#8220;Pr\u00e4ventionskampagne \u00ab Flutwelle\u00bb 2025&#8243; font_container=&#8220;tag:h2|text_align:left|color:%230269a3&#8243; use_theme_fonts=&#8220;yes&#8220; css=&#8220;.vc_custom_1750149014128{margin-bottom: 45px !important;}&#8220; el_class=&#8220;home-s4-hd s-heading&#8220;][vc_column_text css=&#8220;&#8220; el_class=&#8220;home-s4-content s-content content&#8220;]<\/p>\n<p data-start=\"207\" data-end=\"434\"><strong data-start=\"207\" data-end=\"260\">Pl\u00f6tzliches Hochwasser: eine untersch\u00e4tzte Gefahr<\/strong><\/p>\n<p data-start=\"207\" data-end=\"434\"><br data-start=\"260\" data-end=\"263\" \/>Hochwasser kann jederzeit auftreten \u2013 oft ohne Vorwarnung. Warnschilder entlang von Fl\u00fcssen und B\u00e4chen werden h\u00e4ufig ignoriert, dabei weisen sie auf ein reales Risiko hin.<\/p>\n<p data-start=\"436\" data-end=\"589\">Die Kampagne 2025 zeigt es eindr\u00fccklich: panische Gesichter, hektische Fluchten \u2013 Wasser kann zur t\u00f6dlichen Falle werden, in den Bergen wie im Flachland.<\/p>\n<p data-start=\"591\" data-end=\"664\"><strong data-start=\"591\" data-end=\"627\">Halten Sie Abstand zu Gew\u00e4ssern.<\/strong><br data-start=\"627\" data-end=\"630\" \/><strong data-start=\"630\" data-end=\"664\">Beachten Sie die Warnhinweise.<\/strong><\/p>\n<p>[\/vc_column_text][vc_btn title=&#8220;MEHR&#8220; color=&#8220;primary&#8220; css=&#8220;.vc_custom_1718617150268{margin-bottom: 0px !important;}&#8220; link=&#8220;url:http%3A%2F%2Favpee.ch%2Fde%2Fpraeventionskampagne%2F&#8220; el_class=&#8220;bouton-bleu&#8220;][\/vc_column][\/vc_row][vc_row][vc_column][vc_images_carousel images=&#8220;291,293,295&#8243; img_size=&#8220;full&#8220; onclick=&#8220;link_no&#8220; autoplay=&#8220;yes&#8220; hide_pagination_control=&#8220;yes&#8220; wrap=&#8220;yes&#8220; css=&#8220;.vc_custom_1750154165726{margin-bottom: 0px !important;}&#8220; el_class=&#8220;slider-campagne campagne-2024&#8243;][\/vc_column][\/vc_row][vc_row el_class=&#8220;home-s4 home-s&#8220;][vc_column][vc_custom_heading text=&#8220;Pr\u00e4ventionskampagne \u00ab Pl\u00f6tzliches Hochwasser 2024 \u00bb&#8220; font_container=&#8220;tag:h2|text_align:left|color:%230269a3&#8243; use_theme_fonts=&#8220;yes&#8220; css=&#8220;.vc_custom_1718616773032{margin-bottom: 45px !important;}&#8220; el_class=&#8220;home-s4-hd s-heading&#8220;][vc_column_text css=&#8220;&#8220; el_class=&#8220;home-s4-content s-content content&#8220;]Unsere Kommunikationskampagne geht die Thematik Sturzfluten auf unkonventionelle Weise an.<br \/>\nWir haben uns daf\u00fcr entschieden, die Gefahr symbolisch darzustellen, indem wir Wassertiere verwenden, um die mit Sturzfluten verbundenen Risiken zu verk\u00f6rpern und auf diese Weise die \u00d6ffentlichkeit anzuregen, die Pr\u00e4ventionsbotschaften zu verinnerlichen.[\/vc_column_text][vc_btn title=&#8220;MEHR&#8220; color=&#8220;primary&#8220; css=&#8220;.vc_custom_1718617150268{margin-bottom: 0px !important;}&#8220; link=&#8220;url:http%3A%2F%2Favpee.ch%2Fde%2Fpraeventionskampagne%2F&#8220; el_class=&#8220;bouton-bleu&#8220;][\/vc_column][\/vc_row][vc_row el_class=&#8220;home-s5 home-s&#8220; css=&#8220;.vc_custom_1715152254267{background-image: url(https:\/\/www.avpee.ch\/wp-content\/uploads\/2024\/05\/cartouche-Manon.png?id=115) !important;background-position: center !important;background-repeat: no-repeat !important;background-size: cover !important;}&#8220;][vc_column css=&#8220;.vc_custom_1715151768614{padding-top: 0px !important;padding-right: 0px !important;padding-bottom: 0px !important;padding-left: 0px !important;}&#8220;][vc_row_inner el_class=&#8220;home-s5-row&#8220;][vc_column_inner el_class=&#8220;home-s5-left&#8220; width=&#8220;1\/2&#8243;][vc_custom_heading text=&#8220;\u00dcber unseren Hydroguide&#8220; use_theme_fonts=&#8220;yes&#8220; css=&#8220;.vc_custom_1718616797221{margin-bottom: 45px !important;}&#8220; el_class=&#8220;home-s5-hd s-heading white-color&#8220;][vc_column_text css=&#8220;&#8220; el_class=&#8220;home-s5-content s-content white-color content&#8220;]Unsere Hydroguide heisst Manon in Anlehnung an Manon des Sources, den Film von Claude Berry mit Emmanuelle B\u00e9art als Hauptdarstellerin.<\/p>\n<p>Als Studentin gedacht, sportlich, naturverbunden und in blau gekleidet, \u00e4hnelt sie den HYDRO Guides, die im Sommer in der N\u00e4he unserer Fl\u00fcsse patrouillieren. Gutm\u00fctig, aufmerksam und zuvorkommend ist Manon ein echter &#8222;Schutzengel&#8220;. Dar\u00fcber hinaus erzeugt sie Sympathie bei der \u00d6ffentlichkeit und warnt, ohne zu massregeln. Manons Pr\u00e4senz in der VWSP-Kommunikation sorgt daf\u00fcr, dass die Botschaft schnell gelesen und erkannt wird, und hebt gleichzeitig die HYDRO Guides hervor, denen die Spazierg\u00e4nger w\u00e4hrend des Sommers an den Fl\u00fcssen begegnen k\u00f6nnen.[\/vc_column_text][\/vc_column_inner][vc_column_inner el_class=&#8220;home-s5-right&#8220; width=&#8220;1\/2&#8243;][vc_single_image image=&#8220;287&#8243; img_size=&#8220;full&#8220; css=&#8220;.vc_custom_1715776679459{margin-bottom: 0px !important;}&#8220; el_class=&#8220;home-s5-image&#8220;][\/vc_column_inner][\/vc_row_inner][\/vc_column][\/vc_row]<\/p>\n<\/div>","protected":false},"excerpt":{"rendered":"<p>[vc_row el_class=&#8220;home-banner&#8220; css=&#8220;.vc_custom_1715078769464{padding-top: 305px !important;padding-bottom: 326px !important;}&#8220;][vc_column][vc_row_inner el_class=&#8220;max-w1248&#8243;][vc_column_inner][vc_column_text css=&#8220;.vc_custom_1718691320532{margin-bottom: 6px !important;}&#8220; el_class=&#8220;trans white-color home-banner-text&#8220;]VWSP[\/vc_column_text][vc_custom_heading text=&#8220;Vereinigung der Walliser Stromproduzenten&#8220; font_container=&#8220;tag:h1|text_align:left|color:%23ffffff&#8220; use_theme_fonts=&#8220;yes&#8220; css=&#8220;&#8220; el_class=&#8220;home-heading&#8220;][\/vc_column_inner][\/vc_row_inner][\/vc_column][\/vc_row][vc_row css=&#8220;.vc_custom_1715137088273{padding-top: 114px !important;padding-bottom: 130px !important;}&#8220; el_class=&#8220;home-s2&#8243;][vc_column][vc_custom_heading text=&#8220;Zusammenf\u00fchren &amp; vorbeugen&#8220; font_container=&#8220;tag:h2|text_align:left|color:%230269a3&#8243; use_theme_fonts=&#8220;yes&#8220; css=&#8220;.vc_custom_1718616733356{margin-bottom: 45px !important;}&#8220; el_class=&#8220;s-heading color-1&#8243;][vc_column_text css=&#8220;.vc_custom_1722252791823{margin-bottom: 0px !important;}&#8220; el_class=&#8220;home-s2-content content&#8220;]Die Vereinigung der Walliser Stromproduzenten (VWSP) ist eine 1960 gegr\u00fcndete gemeinn\u00fctzige Vereinigung. Sie [&hellip;]<\/p>\n","protected":false},"author":1,"featured_media":0,"parent":0,"menu_order":0,"comment_status":"closed","ping_status":"closed","template":"","meta":{"_acf_changed":false,"footnotes":""},"class_list":["post-379","page","type-page","status-publish","hentry"],"acf":[],"yoast_head":"<!-- This site is optimized with the Yoast SEO plugin v27.5 - https:\/\/yoast.com\/product\/yoast-seo-wordpress\/ -->\n<title>Startseite - AVPEE | VWSP - Association valaisanne des producteurs d&#039;\u00e9nergie \u00e9lectrique<\/title>\n<meta name=\"robots\" content=\"index, follow, max-snippet:-1, max-image-preview:large, max-video-preview:-1\" \/>\n<link rel=\"canonical\" href=\"https:\/\/www.avpee.ch\/de\/\" \/>\n<meta property=\"og:locale\" content=\"de_DE\" \/>\n<meta property=\"og:type\" content=\"article\" \/>\n<meta property=\"og:title\" content=\"Startseite - AVPEE | VWSP - Association valaisanne des producteurs d&#039;\u00e9nergie \u00e9lectrique\" \/>\n<meta property=\"og:description\" content=\"[vc_row el_class=&#8220;home-banner&#8220; css=&#8220;.vc_custom_1715078769464{padding-top: 305px !important;padding-bottom: 326px !important;}&#8220;][vc_column][vc_row_inner el_class=&#8220;max-w1248&#8243;][vc_column_inner][vc_column_text css=&#8220;.vc_custom_1718691320532{margin-bottom: 6px !important;}&#8220; el_class=&#8220;trans white-color home-banner-text&#8220;]VWSP[\/vc_column_text][vc_custom_heading text=&#8220;Vereinigung der Walliser Stromproduzenten&#8220; font_container=&#8220;tag:h1|text_align:left|color:%23ffffff&#8220; use_theme_fonts=&#8220;yes&#8220; css=&#8220;&#8220; el_class=&#8220;home-heading&#8220;][\/vc_column_inner][\/vc_row_inner][\/vc_column][\/vc_row][vc_row css=&#8220;.vc_custom_1715137088273{padding-top: 114px !important;padding-bottom: 130px !important;}&#8220; el_class=&#8220;home-s2&#8243;][vc_column][vc_custom_heading text=&#8220;Zusammenf\u00fchren &amp; vorbeugen&#8220; font_container=&#8220;tag:h2|text_align:left|color:%230269a3&#8243; use_theme_fonts=&#8220;yes&#8220; css=&#8220;.vc_custom_1718616733356{margin-bottom: 45px !important;}&#8220; el_class=&#8220;s-heading color-1&#8243;][vc_column_text css=&#8220;.vc_custom_1722252791823{margin-bottom: 0px !important;}&#8220; el_class=&#8220;home-s2-content content&#8220;]Die Vereinigung der Walliser Stromproduzenten (VWSP) ist eine 1960 gegr\u00fcndete gemeinn\u00fctzige Vereinigung. Sie [&hellip;]\" \/>\n<meta property=\"og:url\" content=\"https:\/\/www.avpee.ch\/de\/\" \/>\n<meta property=\"og:site_name\" content=\"AVPEE | VWSP - Association valaisanne des producteurs d&#039;\u00e9nergie \u00e9lectrique\" \/>\n<meta property=\"article:publisher\" content=\"https:\/\/www.facebook.com\/avpee\/\" \/>\n<meta property=\"article:modified_time\" content=\"2026-04-27T10:44:17+00:00\" \/>\n<meta property=\"og:image\" content=\"https:\/\/www.avpee.ch\/wp-content\/uploads\/2024\/08\/logo_with_margin_1200x675.png\" \/>\n\t<meta property=\"og:image:width\" content=\"1200\" \/>\n\t<meta property=\"og:image:height\" content=\"675\" \/>\n\t<meta property=\"og:image:type\" content=\"image\/png\" \/>\n<meta name=\"twitter:card\" content=\"summary_large_image\" \/>\n<meta name=\"twitter:label1\" content=\"Gesch\u00e4tzte Lesezeit\" \/>\n\t<meta name=\"twitter:data1\" content=\"5\u00a0Minuten\" \/>\n<script type=\"application\/ld+json\" class=\"yoast-schema-graph\">{\"@context\":\"https:\\\/\\\/schema.org\",\"@graph\":[{\"@type\":\"WebPage\",\"@id\":\"https:\\\/\\\/www.avpee.ch\\\/de\\\/\",\"url\":\"https:\\\/\\\/www.avpee.ch\\\/de\\\/\",\"name\":\"Startseite - AVPEE | VWSP - Association valaisanne des producteurs d&#039;\u00e9nergie \u00e9lectrique\",\"isPartOf\":{\"@id\":\"https:\\\/\\\/www.avpee.ch\\\/#website\"},\"datePublished\":\"2024-04-08T13:53:04+00:00\",\"dateModified\":\"2026-04-27T10:44:17+00:00\",\"breadcrumb\":{\"@id\":\"https:\\\/\\\/www.avpee.ch\\\/de\\\/#breadcrumb\"},\"inLanguage\":\"de\",\"potentialAction\":[{\"@type\":\"ReadAction\",\"target\":[\"https:\\\/\\\/www.avpee.ch\\\/de\\\/\"]}]},{\"@type\":\"BreadcrumbList\",\"@id\":\"https:\\\/\\\/www.avpee.ch\\\/de\\\/#breadcrumb\",\"itemListElement\":[{\"@type\":\"ListItem\",\"position\":1,\"name\":\"Accueil\",\"item\":\"https:\\\/\\\/www.avpee.ch\\\/de\\\/\"},{\"@type\":\"ListItem\",\"position\":2,\"name\":\"Startseite\"}]},{\"@type\":\"WebSite\",\"@id\":\"https:\\\/\\\/www.avpee.ch\\\/#website\",\"url\":\"https:\\\/\\\/www.avpee.ch\\\/\",\"name\":\"AVPEE | VWSP - Association valaisanne des producteurs d'\u00e9nergie \u00e9lectrique\",\"description\":\"\",\"publisher\":{\"@id\":\"https:\\\/\\\/www.avpee.ch\\\/#organization\"},\"potentialAction\":[{\"@type\":\"SearchAction\",\"target\":{\"@type\":\"EntryPoint\",\"urlTemplate\":\"https:\\\/\\\/www.avpee.ch\\\/?s={search_term_string}\"},\"query-input\":{\"@type\":\"PropertyValueSpecification\",\"valueRequired\":true,\"valueName\":\"search_term_string\"}}],\"inLanguage\":\"de\"},{\"@type\":\"Organization\",\"@id\":\"https:\\\/\\\/www.avpee.ch\\\/#organization\",\"name\":\"AVPEE | VWSP - Association valaisanne des producteurs d'\u00e9nergie \u00e9lectrique\",\"url\":\"https:\\\/\\\/www.avpee.ch\\\/\",\"logo\":{\"@type\":\"ImageObject\",\"inLanguage\":\"de\",\"@id\":\"https:\\\/\\\/www.avpee.ch\\\/#\\\/schema\\\/logo\\\/image\\\/\",\"url\":\"https:\\\/\\\/www.avpee.ch\\\/wp-content\\\/uploads\\\/2024\\\/07\\\/favicon-avpee-vwsp.svg\",\"contentUrl\":\"https:\\\/\\\/www.avpee.ch\\\/wp-content\\\/uploads\\\/2024\\\/07\\\/favicon-avpee-vwsp.svg\",\"width\":1,\"height\":1,\"caption\":\"AVPEE | VWSP - Association valaisanne des producteurs d'\u00e9nergie \u00e9lectrique\"},\"image\":{\"@id\":\"https:\\\/\\\/www.avpee.ch\\\/#\\\/schema\\\/logo\\\/image\\\/\"},\"sameAs\":[\"https:\\\/\\\/www.facebook.com\\\/avpee\\\/\",\"https:\\\/\\\/www.instagram.com\\\/avpee.ch\\\/\",\"https:\\\/\\\/www.linkedin.com\\\/company\\\/avpee-vwsp\\\/about\\\/\"]}]}<\/script>\n<!-- \/ Yoast SEO plugin. -->","yoast_head_json":{"title":"Startseite - AVPEE | VWSP - Association valaisanne des producteurs d&#039;\u00e9nergie \u00e9lectrique","robots":{"index":"index","follow":"follow","max-snippet":"max-snippet:-1","max-image-preview":"max-image-preview:large","max-video-preview":"max-video-preview:-1"},"canonical":"https:\/\/www.avpee.ch\/de\/","og_locale":"de_DE","og_type":"article","og_title":"Startseite - AVPEE | VWSP - Association valaisanne des producteurs d&#039;\u00e9nergie \u00e9lectrique","og_description":"[vc_row el_class=&#8220;home-banner&#8220; css=&#8220;.vc_custom_1715078769464{padding-top: 305px !important;padding-bottom: 326px !important;}&#8220;][vc_column][vc_row_inner el_class=&#8220;max-w1248&#8243;][vc_column_inner][vc_column_text css=&#8220;.vc_custom_1718691320532{margin-bottom: 6px !important;}&#8220; el_class=&#8220;trans white-color home-banner-text&#8220;]VWSP[\/vc_column_text][vc_custom_heading text=&#8220;Vereinigung der Walliser Stromproduzenten&#8220; font_container=&#8220;tag:h1|text_align:left|color:%23ffffff&#8220; use_theme_fonts=&#8220;yes&#8220; css=&#8220;&#8220; el_class=&#8220;home-heading&#8220;][\/vc_column_inner][\/vc_row_inner][\/vc_column][\/vc_row][vc_row css=&#8220;.vc_custom_1715137088273{padding-top: 114px !important;padding-bottom: 130px !important;}&#8220; el_class=&#8220;home-s2&#8243;][vc_column][vc_custom_heading text=&#8220;Zusammenf\u00fchren &amp; vorbeugen&#8220; font_container=&#8220;tag:h2|text_align:left|color:%230269a3&#8243; use_theme_fonts=&#8220;yes&#8220; css=&#8220;.vc_custom_1718616733356{margin-bottom: 45px !important;}&#8220; el_class=&#8220;s-heading color-1&#8243;][vc_column_text css=&#8220;.vc_custom_1722252791823{margin-bottom: 0px !important;}&#8220; el_class=&#8220;home-s2-content content&#8220;]Die Vereinigung der Walliser Stromproduzenten (VWSP) ist eine 1960 gegr\u00fcndete gemeinn\u00fctzige Vereinigung. Sie [&hellip;]","og_url":"https:\/\/www.avpee.ch\/de\/","og_site_name":"AVPEE | VWSP - Association valaisanne des producteurs d&#039;\u00e9nergie \u00e9lectrique","article_publisher":"https:\/\/www.facebook.com\/avpee\/","article_modified_time":"2026-04-27T10:44:17+00:00","og_image":[{"width":1200,"height":675,"url":"https:\/\/www.avpee.ch\/wp-content\/uploads\/2024\/08\/logo_with_margin_1200x675.png","type":"image\/png"}],"twitter_card":"summary_large_image","twitter_misc":{"Gesch\u00e4tzte Lesezeit":"5\u00a0Minuten"},"schema":{"@context":"https:\/\/schema.org","@graph":[{"@type":"WebPage","@id":"https:\/\/www.avpee.ch\/de\/","url":"https:\/\/www.avpee.ch\/de\/","name":"Startseite - AVPEE | VWSP - Association valaisanne des producteurs d&#039;\u00e9nergie \u00e9lectrique","isPartOf":{"@id":"https:\/\/www.avpee.ch\/#website"},"datePublished":"2024-04-08T13:53:04+00:00","dateModified":"2026-04-27T10:44:17+00:00","breadcrumb":{"@id":"https:\/\/www.avpee.ch\/de\/#breadcrumb"},"inLanguage":"de","potentialAction":[{"@type":"ReadAction","target":["https:\/\/www.avpee.ch\/de\/"]}]},{"@type":"BreadcrumbList","@id":"https:\/\/www.avpee.ch\/de\/#breadcrumb","itemListElement":[{"@type":"ListItem","position":1,"name":"Accueil","item":"https:\/\/www.avpee.ch\/de\/"},{"@type":"ListItem","position":2,"name":"Startseite"}]},{"@type":"WebSite","@id":"https:\/\/www.avpee.ch\/#website","url":"https:\/\/www.avpee.ch\/","name":"AVPEE | VWSP - Association valaisanne des producteurs d'\u00e9nergie \u00e9lectrique","description":"","publisher":{"@id":"https:\/\/www.avpee.ch\/#organization"},"potentialAction":[{"@type":"SearchAction","target":{"@type":"EntryPoint","urlTemplate":"https:\/\/www.avpee.ch\/?s={search_term_string}"},"query-input":{"@type":"PropertyValueSpecification","valueRequired":true,"valueName":"search_term_string"}}],"inLanguage":"de"},{"@type":"Organization","@id":"https:\/\/www.avpee.ch\/#organization","name":"AVPEE | VWSP - Association valaisanne des producteurs d'\u00e9nergie \u00e9lectrique","url":"https:\/\/www.avpee.ch\/","logo":{"@type":"ImageObject","inLanguage":"de","@id":"https:\/\/www.avpee.ch\/#\/schema\/logo\/image\/","url":"https:\/\/www.avpee.ch\/wp-content\/uploads\/2024\/07\/favicon-avpee-vwsp.svg","contentUrl":"https:\/\/www.avpee.ch\/wp-content\/uploads\/2024\/07\/favicon-avpee-vwsp.svg","width":1,"height":1,"caption":"AVPEE | VWSP - Association valaisanne des producteurs d'\u00e9nergie \u00e9lectrique"},"image":{"@id":"https:\/\/www.avpee.ch\/#\/schema\/logo\/image\/"},"sameAs":["https:\/\/www.facebook.com\/avpee\/","https:\/\/www.instagram.com\/avpee.ch\/","https:\/\/www.linkedin.com\/company\/avpee-vwsp\/about\/"]}]}},"_links":{"self":[{"href":"https:\/\/www.avpee.ch\/de\/wp-json\/wp\/v2\/pages\/379","targetHints":{"allow":["GET"]}}],"collection":[{"href":"https:\/\/www.avpee.ch\/de\/wp-json\/wp\/v2\/pages"}],"about":[{"href":"https:\/\/www.avpee.ch\/de\/wp-json\/wp\/v2\/types\/page"}],"author":[{"embeddable":true,"href":"https:\/\/www.avpee.ch\/de\/wp-json\/wp\/v2\/users\/1"}],"replies":[{"embeddable":true,"href":"https:\/\/www.avpee.ch\/de\/wp-json\/wp\/v2\/comments?post=379"}],"version-history":[{"count":40,"href":"https:\/\/www.avpee.ch\/de\/wp-json\/wp\/v2\/pages\/379\/revisions"}],"predecessor-version":[{"id":950,"href":"https:\/\/www.avpee.ch\/de\/wp-json\/wp\/v2\/pages\/379\/revisions\/950"}],"wp:attachment":[{"href":"https:\/\/www.avpee.ch\/de\/wp-json\/wp\/v2\/media?parent=379"}],"curies":[{"name":"wp","href":"https:\/\/api.w.org\/{rel}","templated":true}]}}